{"id":14,"date":"2017-06-13T11:55:32","date_gmt":"2017-06-13T11:55:32","guid":{"rendered":"https:\/\/bsjsistemas.com.br\/site\/?page_id=14"},"modified":"2023-03-14T20:57:53","modified_gmt":"2023-03-14T20:57:53","slug":"fale-conosco","status":"publish","type":"page","link":"https:\/\/bsjsistemas.com.br\/site\/?page_id=14","title":{"rendered":"Contato"},"content":{"rendered":"<p>Os canais que voc\u00ea pode nos encontrar s\u00e3o:<\/p>\n<p><strong>Telefones:<\/strong><br \/><span style=\"color: #333333; font-size: 1vw; font-weight: bold;\">+55 11 2659-6956<\/span><br \/><span style=\"color: #333333; font-size: 1vw; font-weight: bold;\">+55 11 2659-6960<\/span><\/p>\n<p><strong>E-mail:<\/strong><br \/><a href=\"mailto:faleconosco@bsjsistemas.com.br\">faleconosco@bsjsistemas.com.br<\/a><\/p>\n<p><strong>Localiza\u00e7\u00e3o:<\/strong><br \/>Rua Padre Machado, 455, Conjunto 65, Bosque da Sa\u00fade, S\u00e3o Paulo-SP.<\/p>\n<p><strong>Refer\u00eancia:<\/strong><br \/>Em S\u00e3o Paulo, estamos localizados pr\u00f3ximo a esta\u00e7\u00e3o Santa Cruz do metr\u00f4.<\/p>\n<p><iframe loading=\"lazy\" style=\"border: 0;\" src=\"https:\/\/www.google.com\/maps\/embed?pb=!1m18!1m12!1m3!1d3656.081012021281!2d-46.63440208452846!3d-23.601427384663094!2m3!1f0!2f0!3f0!3m2!1i1024!2i768!4f13.1!3m3!1m2!1s0x94ce5a34ce71e2b5%3A0xa49c37dfc36f59a1!2sR.+Padre+Machado%2C+455+-+Bosque+da+Sa%C3%BAde%2C+S%C3%A3o+Paulo+-+SP%2C+04127-001!5e0!3m2!1sen!2sbr!4v1497359990695\" width=\"400\" height=\"300\" frameborder=\"0\" allowfullscreen=\"allowfullscreen\"><\/iframe><\/p>\n\n\n<div class=\"wp-block-contact-form-7-contact-form-selector\">\n<div class=\"wpcf7 no-js\" id=\"wpcf7-f105-o1\" lang=\"pt-BR\" dir=\"ltr\">\n<div class=\"screen-reader-response\"><p role=\"status\" aria-live=\"polite\" aria-atomic=\"true\"><\/p> <ul><\/ul><\/div>\n<form action=\"\/site\/index.php?rest_route=%2Fwp%2Fv2%2Fpages%2F14#wpcf7-f105-o1\" method=\"post\" class=\"wpcf7-form init\" aria-label=\"Formul\u00e1rios de contato\" novalidate=\"novalidate\" data-status=\"init\">\n<div style=\"display: none;\">\n<input type=\"hidden\" name=\"_wpcf7\" value=\"105\" \/>\n<input type=\"hidden\" name=\"_wpcf7_version\" value=\"5.8.2\" \/>\n<input type=\"hidden\" name=\"_wpcf7_locale\" value=\"pt_BR\" \/>\n<input type=\"hidden\" name=\"_wpcf7_unit_tag\" value=\"wpcf7-f105-o1\" \/>\n<input type=\"hidden\" name=\"_wpcf7_container_post\" value=\"0\" \/>\n<input type=\"hidden\" name=\"_wpcf7_posted_data_hash\" value=\"\" \/>\n<\/div>\n<label> Seu nome\n    <span class=\"wpcf7-form-control-wrap\" data-name=\"your-name\"><input size=\"40\" class=\"wpcf7-form-control wpcf7-text wpcf7-validates-as-required\" id=\"your-name\" autocomplete=\"name\" aria-required=\"true\" aria-invalid=\"false\" value=\"\" type=\"text\" name=\"your-name\" \/><\/span> <\/label>\n\n<label> Seu e-mail\n    <span class=\"wpcf7-form-control-wrap\" data-name=\"your-email\"><input size=\"40\" class=\"wpcf7-form-control wpcf7-email wpcf7-validates-as-required wpcf7-text wpcf7-validates-as-email\" id=\"your-email\" autocomplete=\"email\" aria-required=\"true\" aria-invalid=\"false\" value=\"\" type=\"email\" name=\"your-email\" \/><\/span> <\/label>\n\n<label> Assunto\n    <span class=\"wpcf7-form-control-wrap\" data-name=\"your-subject\"><input size=\"40\" class=\"wpcf7-form-control wpcf7-text wpcf7-validates-as-required\" id=\"your-subject\" aria-required=\"true\" aria-invalid=\"false\" value=\"\" type=\"text\" name=\"your-subject\" \/><\/span> <\/label>\n\n<label> Sua mensagem (opcional)\n    <span class=\"wpcf7-form-control-wrap\" data-name=\"your-message\"><textarea cols=\"40\" rows=\"10\" class=\"wpcf7-form-control wpcf7-textarea\" id=\"your-message\" aria-invalid=\"false\" name=\"your-message\"><\/textarea><\/span> <\/label>\n\n<input class=\"wpcf7-form-control wpcf7-submit has-spinner\" type=\"submit\" value=\"Enviar\" \/><p style=\"display: none !important;\"><label>&#916;<textarea name=\"_wpcf7_ak_hp_textarea\" cols=\"45\" rows=\"8\" maxlength=\"100\"><\/textarea><\/label><input type=\"hidden\" id=\"ak_js_1\" name=\"_wpcf7_ak_js\" value=\"19\"\/><script>document.getElementById( \"ak_js_1\" ).setAttribute( \"value\", ( new Date() ).getTime() );<\/script><\/p><div class=\"wpcf7-response-output\" aria-hidden=\"true\"><\/div>\n<\/form>\n<\/div>\n<\/div>\n","protected":false},"excerpt":{"rendered":"<div class=\"slide-text-bg2\"><span>Os canais que voc\u00ea pode nos encontrar s\u00e3o: Telefones:+55 11 2659-6956+55 11 2659-6960 E-mail:faleconosco@bsjsistemas.com.br Localiza\u00e7\u00e3o:Rua Padre Macha<\/span><\/div>\n<div class=\"slide-btn-area-sm\"><a href=\"https:\/\/bsjsistemas.com.br\/site\/?page_id=14\" class=\"slide-btn-sm\">Ler mais<\/a><\/div>\n","protected":false},"author":1,"featured_media":0,"parent":0,"menu_order":4,"comment_status":"closed","ping_status":"closed","template":"","meta":[],"_links":{"self":[{"href":"https:\/\/bsjsistemas.com.br\/site\/index.php?rest_route=\/wp\/v2\/pages\/14"}],"collection":[{"href":"https:\/\/bsjsistemas.com.br\/site\/index.php?rest_route=\/wp\/v2\/pages"}],"about":[{"href":"https:\/\/bsjsistemas.com.br\/site\/index.php?rest_route=\/wp\/v2\/types\/page"}],"author":[{"embeddable":true,"href":"https:\/\/bsjsistemas.com.br\/site\/index.php?rest_route=\/wp\/v2\/users\/1"}],"replies":[{"embeddable":true,"href":"https:\/\/bsjsistemas.com.br\/site\/index.php?rest_route=%2Fwp%2Fv2%2Fcomments&post=14"}],"version-history":[{"count":4,"href":"https:\/\/bsjsistemas.com.br\/site\/index.php?rest_route=\/wp\/v2\/pages\/14\/revisions"}],"predecessor-version":[{"id":114,"href":"https:\/\/bsjsistemas.com.br\/site\/index.php?rest_route=\/wp\/v2\/pages\/14\/revisions\/114"}],"wp:attachment":[{"href":"https:\/\/bsjsistemas.com.br\/site\/index.php?rest_route=%2Fwp%2Fv2%2Fmedia&parent=14"}],"curies":[{"name":"wp","href":"https:\/\/api.w.org\/{rel}","templated":true}]}}