{"id":9,"date":"2017-06-13T11:54:51","date_gmt":"2017-06-13T11:54:51","guid":{"rendered":"https:\/\/bsjsistemas.com.br\/site\/?page_id=9"},"modified":"2017-06-13T11:54:51","modified_gmt":"2017-06-13T11:54:51","slug":"produtos-e-servicos","status":"publish","type":"page","link":"https:\/\/bsjsistemas.com.br\/site\/?page_id=9","title":{"rendered":"Produtos e servi\u00e7os"},"content":{"rendered":"<p><strong>Desenvolvimento sob demanda<\/strong><\/p>\n<p>Temos habilidade em desenvolver sistemas customizados e personalizados para o seu neg\u00f3cio. Utilizamos nosso know-how de anos para criar solu\u00e7\u00f5es nas plataformas &#8220;web ou mobile&#8221;.<\/p>\n<p><strong>Consultoria<\/strong><\/p>\n<p>Nossa equipe est\u00e1 preparada para oferecer consultoria em sistemas de informa\u00e7\u00e3o.<\/p>\n<p><strong>Treinamento<\/strong><\/p>\n<p>Nossos analistas est\u00e3o h\u00e1beis para a condu\u00e7\u00e3o de treinamentos corporativos, oferecendo experi\u00eancia de mercado.<\/p>\n","protected":false},"excerpt":{"rendered":"<div class=\"slide-text-bg2\"><span>Desenvolvimento sob demanda Temos habilidade em desenvolver sistemas customizados e personalizados para o seu neg\u00f3cio. Utilizamos nosso know-how de anos p<\/span><\/div>\n<div class=\"slide-btn-area-sm\"><a href=\"https:\/\/bsjsistemas.com.br\/site\/?page_id=9\" class=\"slide-btn-sm\">Ler mais<\/a><\/div>\n","protected":false},"author":1,"featured_media":0,"parent":0,"menu_order":2,"comment_status":"closed","ping_status":"closed","template":"","meta":[],"_links":{"self":[{"href":"https:\/\/bsjsistemas.com.br\/site\/index.php?rest_route=\/wp\/v2\/pages\/9"}],"collection":[{"href":"https:\/\/bsjsistemas.com.br\/site\/index.php?rest_route=\/wp\/v2\/pages"}],"about":[{"href":"https:\/\/bsjsistemas.com.br\/site\/index.php?rest_route=\/wp\/v2\/types\/page"}],"author":[{"embeddable":true,"href":"https:\/\/bsjsistemas.com.br\/site\/index.php?rest_route=\/wp\/v2\/users\/1"}],"replies":[{"embeddable":true,"href":"https:\/\/bsjsistemas.com.br\/site\/index.php?rest_route=%2Fwp%2Fv2%2Fcomments&post=9"}],"version-history":[{"count":0,"href":"https:\/\/bsjsistemas.com.br\/site\/index.php?rest_route=\/wp\/v2\/pages\/9\/revisions"}],"wp:attachment":[{"href":"https:\/\/bsjsistemas.com.br\/site\/index.php?rest_route=%2Fwp%2Fv2%2Fmedia&parent=9"}],"curies":[{"name":"wp","href":"https:\/\/api.w.org\/{rel}","templated":true}]}}